{"id":989,"date":"2025-06-17T08:53:24","date_gmt":"2025-06-17T08:53:24","guid":{"rendered":"https:\/\/miya-water.com\/?page_id=989"},"modified":"2025-07-15T08:57:22","modified_gmt":"2025-07-15T08:57:22","slug":"contacto","status":"publish","type":"page","link":"https:\/\/miya-water.com\/es\/contacto\/","title":{"rendered":"Contacto"},"content":{"rendered":"\t\t<div data-elementor-type=\"wp-page\" data-elementor-id=\"989\" class=\"elementor elementor-989\" data-elementor-post-type=\"page\">\n\t\t\t\t<div class=\"elementor-element elementor-element-ca7e3eb e-flex e-con-boxed e-con e-parent\" data-id=\"ca7e3eb\" data-element_type=\"container\" data-e-type=\"container\" data-settings=\"{&quot;background_background&quot;:&quot;classic&quot;}\">\n\t\t\t\t\t<div class=\"e-con-inner\">\n\t\t\t\t<div class=\"elementor-element elementor-element-874e714 elementor-widget elementor-widget-heading\" data-id=\"874e714\" data-element_type=\"widget\" data-e-type=\"widget\" data-widget_type=\"heading.default\">\n\t\t\t\t<div class=\"elementor-widget-container\">\n\t\t\t\t\t<h1 class=\"elementor-heading-title elementor-size-default\">Contacta con nosotros<\/h1>\t\t\t\t<\/div>\n\t\t\t\t<\/div>\n\t\t\t\t\t<\/div>\n\t\t\t\t<\/div>\n\t\t<div class=\"elementor-element elementor-element-cb7f147 e-con-full e-flex e-con e-parent\" data-id=\"cb7f147\" data-element_type=\"container\" data-e-type=\"container\">\n\t\t<div class=\"elementor-element elementor-element-2b94221 e-con-full e-flex e-con e-child\" data-id=\"2b94221\" data-element_type=\"container\" data-e-type=\"container\">\n\t\t<div class=\"elementor-element elementor-element-39feeb7 e-flex e-con-boxed e-con e-child\" data-id=\"39feeb7\" data-element_type=\"container\" data-e-type=\"container\">\n\t\t\t\t\t<div class=\"e-con-inner\">\n\t\t<div class=\"elementor-element elementor-element-2d92afd e-con-full e-flex e-con e-child\" data-id=\"2d92afd\" data-element_type=\"container\" data-e-type=\"container\">\n\t\t\t\t<div class=\"elementor-element elementor-element-2e5c400 elementor-widget elementor-widget-text-editor\" data-id=\"2e5c400\" data-element_type=\"widget\" data-e-type=\"widget\" data-widget_type=\"text-editor.default\">\n\t\t\t\t<div class=\"elementor-widget-container\">\n\t\t\t\t\t\t\t\t\t<p><strong>Oficina central<\/strong><br \/>Calle \u00c1ngel Cavero 2, 1\u00ba A<br \/>28043 Madrid, Espa\u00f1a<\/p>\t\t\t\t\t\t\t\t<\/div>\n\t\t\t\t<\/div>\n\t\t\t\t<div class=\"elementor-element elementor-element-f622534 elementor-icon-list--layout-traditional elementor-list-item-link-full_width elementor-widget elementor-widget-icon-list\" data-id=\"f622534\" data-element_type=\"widget\" data-e-type=\"widget\" data-widget_type=\"icon-list.default\">\n\t\t\t\t<div class=\"elementor-widget-container\">\n\t\t\t\t\t\t\t<ul class=\"elementor-icon-list-items\">\n\t\t\t\t\t\t\t<li class=\"elementor-icon-list-item\">\n\t\t\t\t\t\t\t\t\t\t\t<a href=\"tel:+34%20910%20496%20354\">\n\n\t\t\t\t\t\t\t\t\t\t\t\t<span class=\"elementor-icon-list-icon\">\n\t\t\t\t\t\t\t<i aria-hidden=\"true\" class=\"fas fa-phone-alt\"><\/i>\t\t\t\t\t\t<\/span>\n\t\t\t\t\t\t\t\t\t\t<span class=\"elementor-icon-list-text\">+34 910 496 354<\/span>\n\t\t\t\t\t\t\t\t\t\t\t<\/a>\n\t\t\t\t\t\t\t\t\t<\/li>\n\t\t\t\t\t\t\t\t<li class=\"elementor-icon-list-item\">\n\t\t\t\t\t\t\t\t\t\t\t<a href=\"mailto:info@miya-water.com\">\n\n\t\t\t\t\t\t\t\t\t\t\t\t<span class=\"elementor-icon-list-icon\">\n\t\t\t\t\t\t\t<i aria-hidden=\"true\" class=\"far fa-envelope\"><\/i>\t\t\t\t\t\t<\/span>\n\t\t\t\t\t\t\t\t\t\t<span class=\"elementor-icon-list-text\"> info@miya-water.com<\/span>\n\t\t\t\t\t\t\t\t\t\t\t<\/a>\n\t\t\t\t\t\t\t\t\t<\/li>\n\t\t\t\t\t\t<\/ul>\n\t\t\t\t\t\t<\/div>\n\t\t\t\t<\/div>\n\t\t\t\t<div class=\"elementor-element elementor-element-931ac4e elementor-widget elementor-widget-image\" data-id=\"931ac4e\" data-element_type=\"widget\" data-e-type=\"widget\" data-widget_type=\"image.default\">\n\t\t\t\t<div class=\"elementor-widget-container\">\n\t\t\t\t\t\t\t\t\t\t\t\t\t\t\t<img decoding=\"async\" width=\"98\" height=\"98\" src=\"https:\/\/miya-water.com\/wp-content\/uploads\/2022\/06\/favicon.svg\" class=\"attachment-large size-large wp-image-789\" alt=\"\" \/>\t\t\t\t\t\t\t\t\t\t\t\t\t\t\t<\/div>\n\t\t\t\t<\/div>\n\t\t\t\t<\/div>\n\t\t<div class=\"elementor-element elementor-element-6a22483 e-con-full e-flex e-con e-child\" data-id=\"6a22483\" data-element_type=\"container\" data-e-type=\"container\">\n\t\t\t\t<div class=\"elementor-element elementor-element-05648c1 elementor-button-align-start elementor-widget elementor-widget-form\" data-id=\"05648c1\" data-element_type=\"widget\" data-e-type=\"widget\" data-settings=\"{&quot;step_next_label&quot;:&quot;Siguiente&quot;,&quot;step_previous_label&quot;:&quot;Anterior&quot;,&quot;button_width&quot;:&quot;100&quot;,&quot;step_type&quot;:&quot;number_text&quot;,&quot;step_icon_shape&quot;:&quot;circle&quot;}\" data-widget_type=\"form.default\">\n\t\t\t\t<div class=\"elementor-widget-container\">\n\t\t\t\t\t\t\t<form class=\"elementor-form\" method=\"post\" name=\"Nuevo formulario\" aria-label=\"Nuevo formulario\">\n\t\t\t<input type=\"hidden\" name=\"post_id\" value=\"989\"\/>\n\t\t\t<input type=\"hidden\" name=\"form_id\" value=\"05648c1\"\/>\n\t\t\t<input type=\"hidden\" name=\"referer_title\" value=\"Contacto | Miya Water\" \/>\n\n\t\t\t\t\t\t\t<input type=\"hidden\" name=\"queried_id\" value=\"989\"\/>\n\t\t\t\n\t\t\t<div class=\"elementor-form-fields-wrapper elementor-labels-\">\n\t\t\t\t\t\t\t\t<div class=\"elementor-field-type-text elementor-field-group elementor-column elementor-field-group-name elementor-col-50 elementor-field-required\">\n\t\t\t\t\t\t\t\t\t\t\t\t<label for=\"form-field-name\" class=\"elementor-field-label elementor-screen-only\">\n\t\t\t\t\t\t\t\tNombre\t\t\t\t\t\t\t<\/label>\n\t\t\t\t\t\t\t\t\t\t\t\t\t\t<input size=\"1\" type=\"text\" name=\"form_fields[name]\" id=\"form-field-name\" class=\"elementor-field elementor-size-sm  elementor-field-textual\" placeholder=\"Nombre (requerido)\" required=\"required\">\n\t\t\t\t\t\t\t\t\t\t\t<\/div>\n\t\t\t\t\t\t\t\t<div class=\"elementor-field-type-text elementor-field-group elementor-column elementor-field-group-apellido elementor-col-50 elementor-field-required\">\n\t\t\t\t\t\t\t\t\t\t\t\t<label for=\"form-field-apellido\" class=\"elementor-field-label elementor-screen-only\">\n\t\t\t\t\t\t\t\tApellidos (requerido)\t\t\t\t\t\t\t<\/label>\n\t\t\t\t\t\t\t\t\t\t\t\t\t\t<input size=\"1\" type=\"text\" name=\"form_fields[apellido]\" id=\"form-field-apellido\" class=\"elementor-field elementor-size-sm  elementor-field-textual\" placeholder=\"Apellidos (requerido)\" required=\"required\">\n\t\t\t\t\t\t\t\t\t\t\t<\/div>\n\t\t\t\t\t\t\t\t<div class=\"elementor-field-type-tel elementor-field-group elementor-column elementor-field-group-telefono elementor-col-50 elementor-field-required\">\n\t\t\t\t\t\t\t\t\t\t\t\t<label for=\"form-field-telefono\" class=\"elementor-field-label elementor-screen-only\">\n\t\t\t\t\t\t\t\tTel\u00e9fono (requerido)\t\t\t\t\t\t\t<\/label>\n\t\t\t\t\t\t\t\t<input size=\"1\" type=\"tel\" name=\"form_fields[telefono]\" id=\"form-field-telefono\" class=\"elementor-field elementor-size-sm  elementor-field-textual\" placeholder=\"Tel\u00e9fono (requerido)\" required=\"required\" pattern=\"[0-9()#&amp;+*-=.]+\" title=\"Solo se aceptan n\u00fameros y caracteres de tel\u00e9fono (#,-,*,etc).\">\n\n\t\t\t\t\t\t<\/div>\n\t\t\t\t\t\t\t\t<div class=\"elementor-field-type-email elementor-field-group elementor-column elementor-field-group-mail elementor-col-50 elementor-field-required\">\n\t\t\t\t\t\t\t\t\t\t\t\t<label for=\"form-field-mail\" class=\"elementor-field-label elementor-screen-only\">\n\t\t\t\t\t\t\t\tCorreo electr\u00f3nico\t\t\t\t\t\t\t<\/label>\n\t\t\t\t\t\t\t\t\t\t\t\t\t\t<input size=\"1\" type=\"email\" name=\"form_fields[mail]\" id=\"form-field-mail\" class=\"elementor-field elementor-size-sm  elementor-field-textual\" placeholder=\"E-mail (requerido)\" required=\"required\">\n\t\t\t\t\t\t\t\t\t\t\t<\/div>\n\t\t\t\t\t\t\t\t<div class=\"elementor-field-type-textarea elementor-field-group elementor-column elementor-field-group-message elementor-col-100\">\n\t\t\t\t\t\t\t\t\t\t\t\t<label for=\"form-field-message\" class=\"elementor-field-label elementor-screen-only\">\n\t\t\t\t\t\t\t\tMensaje\t\t\t\t\t\t\t<\/label>\n\t\t\t\t\t\t<textarea class=\"elementor-field-textual elementor-field  elementor-size-sm\" name=\"form_fields[message]\" id=\"form-field-message\" rows=\"4\" placeholder=\"Mensaje\"><\/textarea>\t\t\t\t<\/div>\n\t\t\t\t\t\t\t\t<div class=\"elementor-field-type-acceptance elementor-field-group elementor-column elementor-field-group-field_18a2c59 elementor-col-100 elementor-field-required\">\n\t\t\t\t\t\t\t<div class=\"elementor-field-subgroup\">\n\t\t\t<span class=\"elementor-field-option\">\n\t\t\t\t<input type=\"checkbox\" name=\"form_fields[field_18a2c59]\" id=\"form-field-field_18a2c59\" class=\"elementor-field elementor-size-sm  elementor-acceptance-field\" required=\"required\">\n\t\t\t\t<label for=\"form-field-field_18a2c59\"><span style=\"font-size:14px; color:#424242;\">S\u00ed, estoy de acuerdo con la<a href=\"\/politica-de-privacidad\" style=\"color:#045DB5;\">  Pol\u00edtica de Privacidad<\/a> de Miya <\/span><\/label>\t\t\t<\/span>\n\t\t<\/div>\n\t\t\t\t\t\t<\/div>\n\t\t\t\t\t\t\t\t<div class=\"elementor-field-type-html elementor-field-group elementor-column elementor-field-group-field_5b2b8b8 elementor-col-100\">\n\t\t\t\t\tLa empresa, en calidad de RESPONSABLE DEL TRATAMIENTO de los datos personales que se faciliten toda vez que realicen efectivamente labores de tratamiento. El intercambio de informaci\u00f3n entre los mencionados sujetos, en algunos casos y con base en criterios objetivos, geogr\u00e1ficos o de tipolog\u00eda de inmueble, deviene obligatorio para realizar actividades de intermediaci\u00f3n a trav\u00e9s de las citadas redes de franquicias, en caso contrario, la prestaci\u00f3n de los servicios podr\u00eda resultar deficiente y\/o imposible.\t\t\t\t<\/div>\n\t\t\t\t\t\t\t\t<div class=\"elementor-field-type-recaptcha_v3 elementor-field-group elementor-column elementor-field-group-field_ac7dadb elementor-col-100 recaptcha_v3-bottomright\">\n\t\t\t\t\t<div class=\"elementor-field\" id=\"form-field-field_ac7dadb\"><div class=\"elementor-g-recaptcha\" data-sitekey=\"6LfnWHorAAAAAGeLwGdPrid_YApTiZdvf2Q2TcSl\" data-type=\"v3\" data-action=\"Form\" data-badge=\"bottomright\" data-size=\"invisible\"><\/div><\/div>\t\t\t\t<\/div>\n\t\t\t\t\t\t\t\t<div class=\"elementor-field-type-text\">\n\t\t\t\t\t<input size=\"1\" type=\"text\" name=\"form_fields[field_51b5dcd]\" id=\"form-field-field_51b5dcd\" class=\"elementor-field elementor-size-sm \" style=\"display:none !important;\">\t\t\t\t<\/div>\n\t\t\t\t\t\t\t\t<div class=\"elementor-field-group elementor-column elementor-field-type-submit elementor-col-100 e-form__buttons\">\n\t\t\t\t\t<button class=\"elementor-button elementor-size-sm elementor-animation-grow\" type=\"submit\">\n\t\t\t\t\t\t<span class=\"elementor-button-content-wrapper\">\n\t\t\t\t\t\t\t\t\t\t\t\t\t\t\t\t\t\t\t\t\t\t<span class=\"elementor-button-text\">Enviar<\/span>\n\t\t\t\t\t\t\t\t\t\t\t\t\t<\/span>\n\t\t\t\t\t<\/button>\n\t\t\t\t<\/div>\n\t\t\t<\/div>\n\t\t<\/form>\n\t\t\t\t\t\t<\/div>\n\t\t\t\t<\/div>\n\t\t\t\t<\/div>\n\t\t\t\t\t<\/div>\n\t\t\t\t<\/div>\n\t\t\t\t<\/div>\n\t\t\t\t<\/div>\n\t\t\t\t<\/div>\n\t\t","protected":false},"excerpt":{"rendered":"<p>Contacta con nosotros Oficina centralCalle \u00c1ngel Cavero 2, 1\u00ba A28043 Madrid, Espa\u00f1a +34 910 496 354 info@miya-water.com<\/p>\n","protected":false},"author":1,"featured_media":0,"parent":0,"menu_order":0,"comment_status":"closed","ping_status":"closed","template":"","meta":{"footnotes":""},"class_list":["post-989","page","type-page","status-publish","hentry"],"yoast_head":"<!-- This site is optimized with the Yoast SEO plugin v27.4 - https:\/\/yoast.com\/product\/yoast-seo-wordpress\/ -->\n<title>Contacto | Miya Water<\/title>\n<meta name=\"description\" content=\"Ponte en contacto con Miya Water para soluciones l\u00edderes en eficiencia hidr\u00e1ulica. Cont\u00e1ctanos para consultas, soporte o una asesor\u00eda.\" \/>\n<meta name=\"robots\" content=\"index, follow, max-snippet:-1, max-image-preview:large, max-video-preview:-1\" \/>\n<link rel=\"canonical\" href=\"https:\/\/miya-water.com\/es\/contacto\/\" \/>\n<meta property=\"og:locale\" content=\"es_ES\" \/>\n<meta property=\"og:type\" content=\"article\" \/>\n<meta property=\"og:title\" content=\"Contacto | Miya Water\" \/>\n<meta property=\"og:description\" content=\"Ponte en contacto con Miya Water para soluciones l\u00edderes en eficiencia hidr\u00e1ulica. Cont\u00e1ctanos para consultas, soporte o una asesor\u00eda.\" \/>\n<meta property=\"og:url\" content=\"https:\/\/miya-water.com\/es\/contacto\/\" \/>\n<meta property=\"og:site_name\" content=\"Miya Water\" \/>\n<meta property=\"article:modified_time\" content=\"2025-07-15T08:57:22+00:00\" \/>\n<meta property=\"og:image\" content=\"https:\/\/miya-water.com\/wp-content\/uploads\/2025\/06\/Gestion-de-recursos-scaled.webp\" \/>\n\t<meta property=\"og:image:width\" content=\"2560\" \/>\n\t<meta property=\"og:image:height\" content=\"1105\" \/>\n\t<meta property=\"og:image:type\" content=\"image\/webp\" \/>\n<meta name=\"twitter:card\" content=\"summary_large_image\" \/>\n<meta name=\"twitter:label1\" content=\"Tiempo de lectura\" \/>\n\t<meta name=\"twitter:data1\" content=\"1 minuto\" \/>\n<script type=\"application\/ld+json\" class=\"yoast-schema-graph\">{\"@context\":\"https:\\\/\\\/schema.org\",\"@graph\":[{\"@type\":\"WebPage\",\"@id\":\"https:\\\/\\\/miya-water.com\\\/es\\\/contacto\\\/\",\"url\":\"https:\\\/\\\/miya-water.com\\\/es\\\/contacto\\\/\",\"name\":\"Contacto | Miya Water\",\"isPartOf\":{\"@id\":\"https:\\\/\\\/miya-water.com\\\/#website\"},\"primaryImageOfPage\":{\"@id\":\"https:\\\/\\\/miya-water.com\\\/es\\\/contacto\\\/#primaryimage\"},\"image\":{\"@id\":\"https:\\\/\\\/miya-water.com\\\/es\\\/contacto\\\/#primaryimage\"},\"thumbnailUrl\":\"https:\\\/\\\/miya-water.com\\\/wp-content\\\/uploads\\\/2022\\\/06\\\/favicon.svg\",\"datePublished\":\"2025-06-17T08:53:24+00:00\",\"dateModified\":\"2025-07-15T08:57:22+00:00\",\"description\":\"Ponte en contacto con Miya Water para soluciones l\u00edderes en eficiencia hidr\u00e1ulica. Cont\u00e1ctanos para consultas, soporte o una asesor\u00eda.\",\"breadcrumb\":{\"@id\":\"https:\\\/\\\/miya-water.com\\\/es\\\/contacto\\\/#breadcrumb\"},\"inLanguage\":\"es\",\"potentialAction\":[{\"@type\":\"ReadAction\",\"target\":[\"https:\\\/\\\/miya-water.com\\\/es\\\/contacto\\\/\"]}]},{\"@type\":\"ImageObject\",\"inLanguage\":\"es\",\"@id\":\"https:\\\/\\\/miya-water.com\\\/es\\\/contacto\\\/#primaryimage\",\"url\":\"https:\\\/\\\/miya-water.com\\\/wp-content\\\/uploads\\\/2022\\\/06\\\/favicon.svg\",\"contentUrl\":\"https:\\\/\\\/miya-water.com\\\/wp-content\\\/uploads\\\/2022\\\/06\\\/favicon.svg\"},{\"@type\":\"BreadcrumbList\",\"@id\":\"https:\\\/\\\/miya-water.com\\\/es\\\/contacto\\\/#breadcrumb\",\"itemListElement\":[{\"@type\":\"ListItem\",\"position\":1,\"name\":\"Home\",\"item\":\"https:\\\/\\\/miya-water.com\\\/es\\\/\"},{\"@type\":\"ListItem\",\"position\":2,\"name\":\"Contacto\"}]},{\"@type\":\"WebSite\",\"@id\":\"https:\\\/\\\/miya-water.com\\\/#website\",\"url\":\"https:\\\/\\\/miya-water.com\\\/\",\"name\":\"Miya Water\",\"description\":\"Mejoramos la eficiencia de los sistemas de agua\",\"publisher\":{\"@id\":\"https:\\\/\\\/miya-water.com\\\/#organization\"},\"alternateName\":\"Water Efficiency Solutions\",\"potentialAction\":[{\"@type\":\"SearchAction\",\"target\":{\"@type\":\"EntryPoint\",\"urlTemplate\":\"https:\\\/\\\/miya-water.com\\\/?s={search_term_string}\"},\"query-input\":{\"@type\":\"PropertyValueSpecification\",\"valueRequired\":true,\"valueName\":\"search_term_string\"}}],\"inLanguage\":\"es\"},{\"@type\":\"Organization\",\"@id\":\"https:\\\/\\\/miya-water.com\\\/#organization\",\"name\":\"Miya Water\",\"alternateName\":\"Miya\",\"url\":\"https:\\\/\\\/miya-water.com\\\/\",\"logo\":{\"@type\":\"ImageObject\",\"inLanguage\":\"es\",\"@id\":\"https:\\\/\\\/miya-water.com\\\/#\\\/schema\\\/logo\\\/image\\\/\",\"url\":\"https:\\\/\\\/miya-water.com\\\/wp-content\\\/uploads\\\/2022\\\/06\\\/favicon.svg\",\"contentUrl\":\"https:\\\/\\\/miya-water.com\\\/wp-content\\\/uploads\\\/2022\\\/06\\\/favicon.svg\",\"width\":98,\"height\":98,\"caption\":\"Miya Water\"},\"image\":{\"@id\":\"https:\\\/\\\/miya-water.com\\\/#\\\/schema\\\/logo\\\/image\\\/\"}}]}<\/script>\n<!-- \/ Yoast SEO plugin. -->","yoast_head_json":{"title":"Contacto | Miya Water","description":"Ponte en contacto con Miya Water para soluciones l\u00edderes en eficiencia hidr\u00e1ulica. Cont\u00e1ctanos para consultas, soporte o una asesor\u00eda.","robots":{"index":"index","follow":"follow","max-snippet":"max-snippet:-1","max-image-preview":"max-image-preview:large","max-video-preview":"max-video-preview:-1"},"canonical":"https:\/\/miya-water.com\/es\/contacto\/","og_locale":"es_ES","og_type":"article","og_title":"Contacto | Miya Water","og_description":"Ponte en contacto con Miya Water para soluciones l\u00edderes en eficiencia hidr\u00e1ulica. Cont\u00e1ctanos para consultas, soporte o una asesor\u00eda.","og_url":"https:\/\/miya-water.com\/es\/contacto\/","og_site_name":"Miya Water","article_modified_time":"2025-07-15T08:57:22+00:00","og_image":[{"width":2560,"height":1105,"url":"https:\/\/miya-water.com\/wp-content\/uploads\/2025\/06\/Gestion-de-recursos-scaled.webp","type":"image\/webp"}],"twitter_card":"summary_large_image","twitter_misc":{"Tiempo de lectura":"1 minuto"},"schema":{"@context":"https:\/\/schema.org","@graph":[{"@type":"WebPage","@id":"https:\/\/miya-water.com\/es\/contacto\/","url":"https:\/\/miya-water.com\/es\/contacto\/","name":"Contacto | Miya Water","isPartOf":{"@id":"https:\/\/miya-water.com\/#website"},"primaryImageOfPage":{"@id":"https:\/\/miya-water.com\/es\/contacto\/#primaryimage"},"image":{"@id":"https:\/\/miya-water.com\/es\/contacto\/#primaryimage"},"thumbnailUrl":"https:\/\/miya-water.com\/wp-content\/uploads\/2022\/06\/favicon.svg","datePublished":"2025-06-17T08:53:24+00:00","dateModified":"2025-07-15T08:57:22+00:00","description":"Ponte en contacto con Miya Water para soluciones l\u00edderes en eficiencia hidr\u00e1ulica. Cont\u00e1ctanos para consultas, soporte o una asesor\u00eda.","breadcrumb":{"@id":"https:\/\/miya-water.com\/es\/contacto\/#breadcrumb"},"inLanguage":"es","potentialAction":[{"@type":"ReadAction","target":["https:\/\/miya-water.com\/es\/contacto\/"]}]},{"@type":"ImageObject","inLanguage":"es","@id":"https:\/\/miya-water.com\/es\/contacto\/#primaryimage","url":"https:\/\/miya-water.com\/wp-content\/uploads\/2022\/06\/favicon.svg","contentUrl":"https:\/\/miya-water.com\/wp-content\/uploads\/2022\/06\/favicon.svg"},{"@type":"BreadcrumbList","@id":"https:\/\/miya-water.com\/es\/contacto\/#breadcrumb","itemListElement":[{"@type":"ListItem","position":1,"name":"Home","item":"https:\/\/miya-water.com\/es\/"},{"@type":"ListItem","position":2,"name":"Contacto"}]},{"@type":"WebSite","@id":"https:\/\/miya-water.com\/#website","url":"https:\/\/miya-water.com\/","name":"Miya Water","description":"Mejoramos la eficiencia de los sistemas de agua","publisher":{"@id":"https:\/\/miya-water.com\/#organization"},"alternateName":"Water Efficiency Solutions","potentialAction":[{"@type":"SearchAction","target":{"@type":"EntryPoint","urlTemplate":"https:\/\/miya-water.com\/?s={search_term_string}"},"query-input":{"@type":"PropertyValueSpecification","valueRequired":true,"valueName":"search_term_string"}}],"inLanguage":"es"},{"@type":"Organization","@id":"https:\/\/miya-water.com\/#organization","name":"Miya Water","alternateName":"Miya","url":"https:\/\/miya-water.com\/","logo":{"@type":"ImageObject","inLanguage":"es","@id":"https:\/\/miya-water.com\/#\/schema\/logo\/image\/","url":"https:\/\/miya-water.com\/wp-content\/uploads\/2022\/06\/favicon.svg","contentUrl":"https:\/\/miya-water.com\/wp-content\/uploads\/2022\/06\/favicon.svg","width":98,"height":98,"caption":"Miya Water"},"image":{"@id":"https:\/\/miya-water.com\/#\/schema\/logo\/image\/"}}]}},"_links":{"self":[{"href":"https:\/\/miya-water.com\/es\/wp-json\/wp\/v2\/pages\/989","targetHints":{"allow":["GET"]}}],"collection":[{"href":"https:\/\/miya-water.com\/es\/wp-json\/wp\/v2\/pages"}],"about":[{"href":"https:\/\/miya-water.com\/es\/wp-json\/wp\/v2\/types\/page"}],"author":[{"embeddable":true,"href":"https:\/\/miya-water.com\/es\/wp-json\/wp\/v2\/users\/1"}],"replies":[{"embeddable":true,"href":"https:\/\/miya-water.com\/es\/wp-json\/wp\/v2\/comments?post=989"}],"version-history":[{"count":73,"href":"https:\/\/miya-water.com\/es\/wp-json\/wp\/v2\/pages\/989\/revisions"}],"predecessor-version":[{"id":2191,"href":"https:\/\/miya-water.com\/es\/wp-json\/wp\/v2\/pages\/989\/revisions\/2191"}],"wp:attachment":[{"href":"https:\/\/miya-water.com\/es\/wp-json\/wp\/v2\/media?parent=989"}],"curies":[{"name":"wp","href":"https:\/\/api.w.org\/{rel}","templated":true}]}}